{"id":159,"date":"2021-04-18T18:02:29","date_gmt":"2021-04-18T16:02:29","guid":{"rendered":"http:\/\/aurianexpress.fr\/?page_id=159"},"modified":"2021-04-18T18:25:14","modified_gmt":"2021-04-18T16:25:14","slug":"condom-fluvial","status":"publish","type":"page","link":"https:\/\/www.aurianexpress.fr\/?page_id=159","title":{"rendered":"Condom Fluvial"},"content":{"rendered":"<div data-colibri-id=\"159-c1\" class=\"style-340 style-local-159-c1 position-relative\">\n  <!---->\n  <div data-colibri-component=\"section\" data-colibri-id=\"159-c6\" id=\"presentation-bateau\" class=\"h-section h-section-global-spacing d-flex align-items-lg-center align-items-md-center align-items-center style-345 style-local-159-c6 position-relative\">\n    <!---->\n    <!---->\n    <div class=\"h-section-grid-container h-section-boxed-container\">\n      <!---->\n      <div data-colibri-id=\"159-c7\" class=\"h-row-container gutters-row-lg-2 gutters-row-md-2 gutters-row-0 gutters-row-v-lg-2 gutters-row-v-md-2 gutters-row-v-2 style-346 style-local-159-c7 position-relative\">\n        <!---->\n        <div class=\"h-row justify-content-lg-center justify-content-md-center justify-content-center align-items-lg-stretch align-items-md-stretch align-items-stretch gutters-col-lg-2 gutters-col-md-2 gutters-col-0 gutters-col-v-lg-2 gutters-col-v-md-2 gutters-col-v-2\">\n          <!---->\n          <div class=\"h-column h-column-container d-flex h-col-lg-auto h-col-md-auto h-col-auto style-347-outer style-local-159-c8-outer\">\n            <div data-colibri-id=\"159-c8\" class=\"d-flex h-flex-basis h-column__inner h-px-lg-2 h-px-md-2 h-px-2 v-inner-lg-2 v-inner-md-2 v-inner-2 style-347 style-local-159-c8 position-relative\">\n              <!---->\n              <!---->\n              <div class=\"w-100 h-y-container h-column__content h-column__v-align flex-basis-100 align-self-lg-start align-self-md-start align-self-start\">\n                <!---->\n                <div data-colibri-id=\"159-c10\" class=\"d-block style-349 style-local-159-c10 position-relative h-element\">\n                  <!---->\n                  <div class=\"h-image__frame-container-outer\">\n                    <div class=\"h-image__frame-container\">\n                      <!---->\n                      <!---->\n                      <img loading=\"lazy\" decoding=\"async\" width=\"960\" height=\"720\" src=\"http:\/\/aurianexpress.fr\/wp-content\/uploads\/2021\/04\/cropped-riviA\u00a8re-2.jpg\" class=\"wp-image-172 style-349-image style-local-159-c10-image\" alt=\"Berges\" srcset=\"https:\/\/www.aurianexpress.fr\/wp-content\/uploads\/2021\/04\/cropped-riviA\u00a8re-2.jpg 960w, https:\/\/www.aurianexpress.fr\/wp-content\/uploads\/2021\/04\/cropped-riviA\u00a8re-2-300x225.jpg 300w, https:\/\/www.aurianexpress.fr\/wp-content\/uploads\/2021\/04\/cropped-riviA\u00a8re-2-768x576.jpg 768w\" sizes=\"(max-width: 960px) 100vw, 960px\" \/>\n                      <div class=\"h-image__frame h-hide-lg h-hide-md h-hide-sm style-349-frameImage style-local-159-c10-frameImage\"><\/div>\n                    <\/div>\n                  <\/div>\n                <\/div>\n              <\/div>\n            <\/div>\n          <\/div>\n          <div class=\"h-column h-column-container d-flex h-col-lg-auto h-col-md-auto h-col-auto style-348-outer style-local-159-c9-outer\">\n            <div data-colibri-id=\"159-c9\" class=\"d-flex h-flex-basis h-column__inner h-px-lg-2 h-px-md-2 h-px-2 v-inner-lg-2 v-inner-md-2 v-inner-2 style-348 style-local-159-c9 position-relative\">\n              <!---->\n              <!---->\n              <div class=\"w-100 h-y-container h-column__content h-column__v-align flex-basis-100 align-self-lg-start align-self-md-start align-self-start\">\n                <!---->\n                <div data-colibri-id=\"159-c12\" class=\"h-text h-text-component style-351 style-local-159-c12 position-relative h-element\">\n                  <!---->\n                  <!---->\n                  <div class=\"\">\n                    <p>Rendez-vous sur\n                      <a href=\"https:\/\/www.tourisme-fluvial-gers.com\" target=\"_blank\" rel=\"noreferrer noopener\">le site internet <\/a> pour plus d\u2019informations :<\/p>\n                    <p>Croisi\u00e8re d\u00e9jeuner de 2h, ou bien promenade de 1h avec dans les deux cas le passage d\u2019une \u00e9cluse et une balade comment\u00e9e de l\u2019histoire de Condom et de son fleuve !<\/p>\n                    <p>B\u00e9n\u00e9ficiez de tarifs avantageux en r\u00e9servant le train et le bateau en m\u00eame temps, et profitez des circuits de train et de bateaux dans la m\u00eame journ\u00e9e, les horaires de passage du train au port de Condom vous permettent de faire les\n                      deux sans stress et en toute fluidit\u00e9 !<\/p>\n                  <\/div>\n                <\/div>\n              <\/div>\n            <\/div>\n          <\/div>\n        <\/div>\n      <\/div>\n    <\/div>\n  <\/div>\n  <div data-colibri-component=\"section\" data-colibri-id=\"159-c13\" id=\"custom-pont-barlet-et-moulin\" class=\"h-section h-section-global-spacing d-flex align-items-lg-center align-items-md-center align-items-center style-352 style-local-159-c13 position-relative\">\n    <!---->\n    <!---->\n    <div class=\"h-section-grid-container h-section-boxed-container\">\n      <!---->\n      <div data-colibri-id=\"159-c14\" class=\"h-row-container gutters-row-lg-2 gutters-row-md-2 gutters-row-0 gutters-row-v-lg-2 gutters-row-v-md-2 gutters-row-v-2 style-353 style-local-159-c14 position-relative\">\n        <!---->\n        <div class=\"h-row justify-content-lg-center justify-content-md-center justify-content-center align-items-lg-stretch align-items-md-stretch align-items-stretch gutters-col-lg-2 gutters-col-md-2 gutters-col-0 gutters-col-v-lg-2 gutters-col-v-md-2 gutters-col-v-2\">\n          <!---->\n          <div class=\"h-column h-column-container d-flex h-col-lg-auto h-col-md-auto h-col-auto style-354-outer style-local-159-c15-outer\">\n            <div data-colibri-id=\"159-c15\" class=\"d-flex h-flex-basis h-column__inner h-px-lg-2 h-px-md-2 h-px-2 v-inner-lg-2 v-inner-md-2 v-inner-2 style-354 style-local-159-c15 position-relative\">\n              <!---->\n              <!---->\n              <div class=\"w-100 h-y-container h-column__content h-column__v-align flex-basis-100 align-self-lg-start align-self-md-start align-self-start\">\n                <!---->\n                <div data-colibri-id=\"159-c16\" class=\"d-block style-355 style-local-159-c16 position-relative h-element\">\n                  <!---->\n                  <div class=\"h-image__frame-container-outer\">\n                    <div class=\"h-image__frame-container\">\n                      <!---->\n                      <!---->\n                      <img loading=\"lazy\" decoding=\"async\" width=\"1280\" height=\"854\" src=\"http:\/\/aurianexpress.fr\/wp-content\/uploads\/2021\/04\/cropped-Photo-1.jpg\" class=\"wp-image-182 style-355-image style-local-159-c16-image\" alt=\"Pont Barlet et Moulin\" srcset=\"https:\/\/www.aurianexpress.fr\/wp-content\/uploads\/2021\/04\/cropped-Photo-1.jpg 1280w, https:\/\/www.aurianexpress.fr\/wp-content\/uploads\/2021\/04\/cropped-Photo-1-300x200.jpg 300w, https:\/\/www.aurianexpress.fr\/wp-content\/uploads\/2021\/04\/cropped-Photo-1-1024x683.jpg 1024w, https:\/\/www.aurianexpress.fr\/wp-content\/uploads\/2021\/04\/cropped-Photo-1-768x512.jpg 768w\" sizes=\"(max-width: 1280px) 100vw, 1280px\" \/>\n                      <div class=\"h-image__frame h-hide-lg h-hide-md h-hide-sm style-355-frameImage style-local-159-c16-frameImage\"><\/div>\n                    <\/div>\n                  <\/div>\n                <\/div>\n              <\/div>\n            <\/div>\n          <\/div>\n        <\/div>\n      <\/div>\n    <\/div>\n  <\/div>\n  <div data-colibri-component=\"section\" data-colibri-id=\"159-c18\" id=\"le-d-artagnan\" class=\"h-section h-section-global-spacing d-flex align-items-lg-center align-items-md-center align-items-center style-357 style-local-159-c18 position-relative\">\n    <!---->\n    <!---->\n    <div class=\"h-section-grid-container h-section-boxed-container\">\n      <!---->\n      <div data-colibri-id=\"159-c19\" class=\"h-row-container gutters-row-lg-2 gutters-row-md-2 gutters-row-0 gutters-row-v-lg-2 gutters-row-v-md-2 gutters-row-v-2 style-358 style-local-159-c19 position-relative\">\n        <!---->\n        <div class=\"h-row justify-content-lg-center justify-content-md-center justify-content-center align-items-lg-stretch align-items-md-stretch align-items-stretch gutters-col-lg-2 gutters-col-md-2 gutters-col-0 gutters-col-v-lg-2 gutters-col-v-md-2 gutters-col-v-2\">\n          <!---->\n          <div class=\"h-column h-column-container d-flex h-col-lg-auto h-col-md-auto h-col-auto style-359-outer style-local-159-c20-outer\">\n            <div data-colibri-id=\"159-c20\" class=\"d-flex h-flex-basis h-column__inner h-px-lg-2 h-px-md-2 h-px-2 v-inner-lg-2 v-inner-md-2 v-inner-2 style-359 style-local-159-c20 position-relative\">\n              <!---->\n              <!---->\n              <div class=\"w-100 h-y-container h-column__content h-column__v-align flex-basis-100 align-self-lg-start align-self-md-start align-self-start\">\n                <!---->\n                <div data-colibri-id=\"159-c21\" class=\"d-block style-360 style-local-159-c21 position-relative h-element\">\n                  <!---->\n                  <div class=\"h-image__frame-container-outer\">\n                    <div class=\"h-image__frame-container\">\n                      <!---->\n                      <!---->\n                      <img loading=\"lazy\" decoding=\"async\" width=\"1280\" height=\"854\" src=\"http:\/\/aurianexpress.fr\/wp-content\/uploads\/2021\/04\/cropped-Navigation-24.jpg\" class=\"wp-image-183 style-360-image style-local-159-c21-image\" alt=\"\" srcset=\"https:\/\/www.aurianexpress.fr\/wp-content\/uploads\/2021\/04\/cropped-Navigation-24.jpg 1280w, https:\/\/www.aurianexpress.fr\/wp-content\/uploads\/2021\/04\/cropped-Navigation-24-300x200.jpg 300w, https:\/\/www.aurianexpress.fr\/wp-content\/uploads\/2021\/04\/cropped-Navigation-24-1024x683.jpg 1024w, https:\/\/www.aurianexpress.fr\/wp-content\/uploads\/2021\/04\/cropped-Navigation-24-768x512.jpg 768w\" sizes=\"(max-width: 1280px) 100vw, 1280px\" \/>\n                      <div class=\"h-image__frame h-hide-lg h-hide-md h-hide-sm style-360-frameImage style-local-159-c21-frameImage\"><\/div>\n                    <\/div>\n                  <\/div>\n                <\/div>\n              <\/div>\n            <\/div>\n          <\/div>\n        <\/div>\n      <\/div>\n    <\/div>\n  <\/div>\n  <div data-colibri-component=\"section\" data-colibri-id=\"159-c22\" id=\"passage-d-une-ecluse\" class=\"h-section h-section-global-spacing d-flex align-items-lg-center align-items-md-center align-items-center style-361 style-local-159-c22 position-relative\">\n    <!---->\n    <!---->\n    <div class=\"h-section-grid-container h-section-boxed-container\">\n      <!---->\n      <div data-colibri-id=\"159-c23\" class=\"h-row-container gutters-row-lg-2 gutters-row-md-2 gutters-row-0 gutters-row-v-lg-2 gutters-row-v-md-2 gutters-row-v-2 style-362 style-local-159-c23 position-relative\">\n        <!---->\n        <div class=\"h-row justify-content-lg-center justify-content-md-center justify-content-center align-items-lg-stretch align-items-md-stretch align-items-stretch gutters-col-lg-2 gutters-col-md-2 gutters-col-0 gutters-col-v-lg-2 gutters-col-v-md-2 gutters-col-v-2\">\n          <!---->\n          <div class=\"h-column h-column-container d-flex h-col-lg-auto h-col-md-auto h-col-auto style-363-outer style-local-159-c24-outer\">\n            <div data-colibri-id=\"159-c24\" class=\"d-flex h-flex-basis h-column__inner h-px-lg-2 h-px-md-2 h-px-2 v-inner-lg-2 v-inner-md-2 v-inner-2 style-363 style-local-159-c24 position-relative\">\n              <!---->\n              <!---->\n              <div class=\"w-100 h-y-container h-column__content h-column__v-align flex-basis-100 align-self-lg-start align-self-md-start align-self-start\">\n                <!---->\n                <div data-colibri-id=\"159-c25\" class=\"d-block style-364 style-local-159-c25 position-relative h-element\">\n                  <!---->\n                  <div class=\"h-image__frame-container-outer\">\n                    <div class=\"h-image__frame-container\">\n                      <!---->\n                      <!---->\n                      <img loading=\"lazy\" decoding=\"async\" width=\"1280\" height=\"960\" src=\"http:\/\/aurianexpress.fr\/wp-content\/uploads\/2021\/04\/cropped-Bateau-restaurant-d_Artagnan-en-passage-d_A\u00a9cluse-Graziac.jpg\" class=\"wp-image-184 style-364-image style-local-159-c25-image\" alt=\"Passage d&#039;une \u00e9cluse avec le D&#039;Artangan\" srcset=\"https:\/\/www.aurianexpress.fr\/wp-content\/uploads\/2021\/04\/cropped-Bateau-restaurant-d_Artagnan-en-passage-d_A\u00a9cluse-Graziac.jpg 1280w, https:\/\/www.aurianexpress.fr\/wp-content\/uploads\/2021\/04\/cropped-Bateau-restaurant-d_Artagnan-en-passage-d_A\u00a9cluse-Graziac-300x225.jpg 300w, https:\/\/www.aurianexpress.fr\/wp-content\/uploads\/2021\/04\/cropped-Bateau-restaurant-d_Artagnan-en-passage-d_A\u00a9cluse-Graziac-1024x768.jpg 1024w, https:\/\/www.aurianexpress.fr\/wp-content\/uploads\/2021\/04\/cropped-Bateau-restaurant-d_Artagnan-en-passage-d_A\u00a9cluse-Graziac-768x576.jpg 768w\" sizes=\"(max-width: 1280px) 100vw, 1280px\" \/>\n                      <div class=\"h-image__frame h-hide-lg h-hide-md h-hide-sm style-364-frameImage style-local-159-c25-frameImage\"><\/div>\n                    <\/div>\n                  <\/div>\n                <\/div>\n              <\/div>\n            <\/div>\n          <\/div>\n        <\/div>\n      <\/div>\n    <\/div>\n  <\/div>\n  <div data-colibri-component=\"section\" data-colibri-id=\"159-c26\" id=\"ecluse-grandiose\" class=\"h-section h-section-global-spacing d-flex align-items-lg-center align-items-md-center align-items-center style-365 style-local-159-c26 position-relative\">\n    <!---->\n    <!---->\n    <div class=\"h-section-grid-container h-section-boxed-container\">\n      <!---->\n      <div data-colibri-id=\"159-c27\" class=\"h-row-container gutters-row-lg-2 gutters-row-md-2 gutters-row-0 gutters-row-v-lg-2 gutters-row-v-md-2 gutters-row-v-2 style-366 style-local-159-c27 position-relative\">\n        <!---->\n        <div class=\"h-row justify-content-lg-center justify-content-md-center justify-content-center align-items-lg-stretch align-items-md-stretch align-items-stretch gutters-col-lg-2 gutters-col-md-2 gutters-col-0 gutters-col-v-lg-2 gutters-col-v-md-2 gutters-col-v-2\">\n          <!---->\n          <div class=\"h-column h-column-container d-flex h-col-lg-auto h-col-md-auto h-col-auto style-367-outer style-local-159-c28-outer\">\n            <div data-colibri-id=\"159-c28\" class=\"d-flex h-flex-basis h-column__inner h-px-lg-2 h-px-md-2 h-px-2 v-inner-lg-2 v-inner-md-2 v-inner-2 style-367 style-local-159-c28 position-relative\">\n              <!---->\n              <!---->\n              <div class=\"w-100 h-y-container h-column__content h-column__v-align flex-basis-100 align-self-lg-start align-self-md-start align-self-start\">\n                <!---->\n                <div data-colibri-id=\"159-c29\" class=\"d-block style-368 style-local-159-c29 position-relative h-element\">\n                  <!---->\n                  <div class=\"h-image__frame-container-outer\">\n                    <div class=\"h-image__frame-container\">\n                      <!---->\n                      <!---->\n                      <img loading=\"lazy\" decoding=\"async\" width=\"1280\" height=\"854\" src=\"http:\/\/aurianexpress.fr\/wp-content\/uploads\/2021\/04\/cropped-CroisiA\u00a8re-A_A0-bord-du-d_Artagnan-A\u00a9cluse-photo-libre-de-droit.jpg\" class=\"wp-image-185 style-368-image style-local-159-c29-image\" alt=\"Ecluse vue int\u00e9rieure\" srcset=\"https:\/\/www.aurianexpress.fr\/wp-content\/uploads\/2021\/04\/cropped-CroisiA\u00a8re-A_A0-bord-du-d_Artagnan-A\u00a9cluse-photo-libre-de-droit.jpg 1280w, https:\/\/www.aurianexpress.fr\/wp-content\/uploads\/2021\/04\/cropped-CroisiA\u00a8re-A_A0-bord-du-d_Artagnan-A\u00a9cluse-photo-libre-de-droit-300x200.jpg 300w, https:\/\/www.aurianexpress.fr\/wp-content\/uploads\/2021\/04\/cropped-CroisiA\u00a8re-A_A0-bord-du-d_Artagnan-A\u00a9cluse-photo-libre-de-droit-1024x683.jpg 1024w, https:\/\/www.aurianexpress.fr\/wp-content\/uploads\/2021\/04\/cropped-CroisiA\u00a8re-A_A0-bord-du-d_Artagnan-A\u00a9cluse-photo-libre-de-droit-768x512.jpg 768w\" sizes=\"(max-width: 1280px) 100vw, 1280px\" \/>\n                      <div class=\"h-image__frame h-hide-lg h-hide-md h-hide-sm style-368-frameImage style-local-159-c29-frameImage\"><\/div>\n                    <\/div>\n                  <\/div>\n                <\/div>\n              <\/div>\n            <\/div>\n          <\/div>\n        <\/div>\n      <\/div>\n    <\/div>\n  <\/div>\n<\/div>","protected":false},"excerpt":{"rendered":"<p>Rendez-vous sur le site internet pour plus d\u2019informations : Croisi\u00e8re d\u00e9jeuner de 2h, ou bien promenade de 1h avec dans les deux cas le passage d\u2019une \u00e9cluse et une balade comment\u00e9e de l\u2019histoire de Condom et de son fleuve ! B\u00e9n\u00e9ficiez de tarifs avantageux en r\u00e9servant le train et le bateau en m\u00eame temps, et [&hellip;]<\/p>\n","protected":false},"author":1,"featured_media":0,"parent":0,"menu_order":0,"comment_status":"closed","ping_status":"closed","template":"page-templates\/full-width-page.php","meta":{"footnotes":""},"_links":{"self":[{"href":"https:\/\/www.aurianexpress.fr\/index.php?rest_route=\/wp\/v2\/pages\/159"}],"collection":[{"href":"https:\/\/www.aurianexpress.fr\/index.php?rest_route=\/wp\/v2\/pages"}],"about":[{"href":"https:\/\/www.aurianexpress.fr\/index.php?rest_route=\/wp\/v2\/types\/page"}],"author":[{"embeddable":true,"href":"https:\/\/www.aurianexpress.fr\/index.php?rest_route=\/wp\/v2\/users\/1"}],"replies":[{"embeddable":true,"href":"https:\/\/www.aurianexpress.fr\/index.php?rest_route=%2Fwp%2Fv2%2Fcomments&post=159"}],"version-history":[{"count":5,"href":"https:\/\/www.aurianexpress.fr\/index.php?rest_route=\/wp\/v2\/pages\/159\/revisions"}],"predecessor-version":[{"id":194,"href":"https:\/\/www.aurianexpress.fr\/index.php?rest_route=\/wp\/v2\/pages\/159\/revisions\/194"}],"wp:attachment":[{"href":"https:\/\/www.aurianexpress.fr\/index.php?rest_route=%2Fwp%2Fv2%2Fmedia&parent=159"}],"curies":[{"name":"wp","href":"https:\/\/api.w.org\/{rel}","templated":true}]}}